{"id":2,"date":"2014-09-03T08:28:51","date_gmt":"2014-09-03T08:28:51","guid":{"rendered":"http:\/\/www.ljungsforvaltning.se\/?page_id=2"},"modified":"2015-06-18T10:03:44","modified_gmt":"2015-06-18T08:03:44","slug":"exempelsida","status":"publish","type":"page","link":"https:\/\/www.ljungsforvaltning.se\/","title":{"rendered":"Ljung&#8217;s F\u00f6rvaltning"},"content":{"rendered":"<p>Ljung&#8217;s F\u00f6rvaltning \u00e4r ett litet nystartat familjef\u00f6retag baserat i Varg\u00f6n, under V\u00e4nern.<\/p>\n<p>V\u00e5r aff\u00e4rsid\u00e9 \u00e4r att erbjuda bra, billigt och trivsamt boende (g\u00e4rna f\u00f6r \u00e4ldre) i natursk\u00f6na Varg\u00f6n.<\/p>\n<p>Vi har ingen bostadsk\u00f6 till v\u00e5ra l\u00e4genheter men kontakta oss g\u00e4rna vid intresse.<\/p>\n<p>Ulrika &amp; Marcus Ljung<\/p>\n<p>ulrika@lundhare.se Eller marcusljung@telia.com<\/p>\n<p>Vi finns ocks\u00e5 p\u00e5 Facebook. S\u00f6k p\u00e5 Ljungs F\u00f6rvaltning<\/p>\n","protected":false},"excerpt":{"rendered":"<p>Ljung&#8217;s F\u00f6rvaltning \u00e4r ett litet nystartat familjef\u00f6retag baserat i Varg\u00f6n, under V\u00e4nern. V\u00e5r aff\u00e4rsid\u00e9 \u00e4r att erbjuda bra, billigt och trivsamt boende (g\u00e4rna f\u00f6r \u00e4ldre) i natursk\u00f6na Varg\u00f6n. Vi har ingen bostadsk\u00f6 till v\u00e5ra l\u00e4genheter men kontakta oss g\u00e4rna vid intresse. Ulrika &amp; Marcus Ljung ulrika@lundhare.se Eller marcusljung@telia.com Vi finns ocks\u00e5 p\u00e5 Facebook. S\u00f6k p\u00e5 [&hellip;]<\/p>\n","protected":false},"author":1,"featured_media":0,"parent":0,"menu_order":0,"comment_status":"closed","ping_status":"closed","template":"","meta":[],"_links":{"self":[{"href":"https:\/\/www.ljungsforvaltning.se\/index.php?rest_route=\/wp\/v2\/pages\/2"}],"collection":[{"href":"https:\/\/www.ljungsforvaltning.se\/index.php?rest_route=\/wp\/v2\/pages"}],"about":[{"href":"https:\/\/www.ljungsforvaltning.se\/index.php?rest_route=\/wp\/v2\/types\/page"}],"author":[{"embeddable":true,"href":"https:\/\/www.ljungsforvaltning.se\/index.php?rest_route=\/wp\/v2\/users\/1"}],"replies":[{"embeddable":true,"href":"https:\/\/www.ljungsforvaltning.se\/index.php?rest_route=%2Fwp%2Fv2%2Fcomments&post=2"}],"version-history":[{"count":7,"href":"https:\/\/www.ljungsforvaltning.se\/index.php?rest_route=\/wp\/v2\/pages\/2\/revisions"}],"predecessor-version":[{"id":20,"href":"https:\/\/www.ljungsforvaltning.se\/index.php?rest_route=\/wp\/v2\/pages\/2\/revisions\/20"}],"wp:attachment":[{"href":"https:\/\/www.ljungsforvaltning.se\/index.php?rest_route=%2Fwp%2Fv2%2Fmedia&parent=2"}],"curies":[{"name":"wp","href":"https:\/\/api.w.org\/{rel}","templated":true}]}}